{"id":133,"date":"2025-12-05T09:11:51","date_gmt":"2025-12-05T09:11:51","guid":{"rendered":"https:\/\/www.ordi.com\/?post_type=product&#038;p=133"},"modified":"2025-12-19T13:52:16","modified_gmt":"2025-12-19T13:52:16","slug":"asus-nuc-15-pro-nuc15crk-b","status":"publish","type":"product","link":"https:\/\/www.ordi.com\/index.php\/produit\/asus-nuc-15-pro-nuc15crk-b\/","title":{"rendered":"ASUS NUC 15 Pro &#8211;  NUC15CRK-B"},"content":{"rendered":"<p>L\u2019ASUS NUC 15 Pro \u2013 NUC15CRK-B est un mini-PC professionnel compact et performant. Il embarque un processeur Intel Core Ultra 7 255H, 16 Go de m\u00e9moire vive et un SSD de 1 To, offrant une excellente r\u00e9activit\u00e9 pour les usages professionnels et bureautiques. Livr\u00e9 avec Windows 11 Pro, il dispose d\u2019une connectivit\u00e9 compl\u00e8te avec ports USB, USB-C, HDMI et Ethernet, id\u00e9ale pour les environnements de travail modernes.<\/p>\n","protected":false},"excerpt":{"rendered":"<p>L\u2019ASUS NUC 15 Pro \u2013 NUC15CRK-B est un mini-PC professionnel compact et performant. Il embarque un processeur Intel Core Ultra 7 255H, 16 Go de m\u00e9moire vive et un SSD de 1 To, offrant une excellente r\u00e9activit\u00e9 pour les usages professionnels et bureautiques. Livr\u00e9 avec Windows 11 Pro, il dispose d\u2019une connectivit\u00e9 compl\u00e8te avec ports [&hellip;]<\/p>\n","protected":false},"featured_media":151,"template":"","meta":[],"product_brand":[34],"product_cat":[159],"product_tag":[],"class_list":{"0":"post-133","1":"product","2":"type-product","3":"status-publish","4":"has-post-thumbnail","6":"product_brand-asus","7":"product_cat-nucs","9":"first","10":"instock","11":"sale","12":"taxable","13":"shipping-taxable","14":"purchasable","15":"product-type-simple"},"_links":{"self":[{"href":"https:\/\/www.ordi.com\/index.php\/wp-json\/wp\/v2\/product\/133","targetHints":{"allow":["GET"]}}],"collection":[{"href":"https:\/\/www.ordi.com\/index.php\/wp-json\/wp\/v2\/product"}],"about":[{"href":"https:\/\/www.ordi.com\/index.php\/wp-json\/wp\/v2\/types\/product"}],"wp:featuredmedia":[{"embeddable":true,"href":"https:\/\/www.ordi.com\/index.php\/wp-json\/wp\/v2\/media\/151"}],"wp:attachment":[{"href":"https:\/\/www.ordi.com\/index.php\/wp-json\/wp\/v2\/media?parent=133"}],"wp:term":[{"taxonomy":"product_brand","embeddable":true,"href":"https:\/\/www.ordi.com\/index.php\/wp-json\/wp\/v2\/product_brand?post=133"},{"taxonomy":"product_cat","embeddable":true,"href":"https:\/\/www.ordi.com\/index.php\/wp-json\/wp\/v2\/product_cat?post=133"},{"taxonomy":"product_tag","embeddable":true,"href":"https:\/\/www.ordi.com\/index.php\/wp-json\/wp\/v2\/product_tag?post=133"}],"curies":[{"name":"wp","href":"https:\/\/api.w.org\/{rel}","templated":true}]}}