{"id":240,"date":"2025-12-05T15:42:51","date_gmt":"2025-12-05T15:42:51","guid":{"rendered":"https:\/\/www.ordi.com\/?post_type=product&#038;p=240"},"modified":"2025-12-05T15:46:39","modified_gmt":"2025-12-05T15:46:39","slug":"iphone-15-pro-max","status":"publish","type":"product","link":"https:\/\/www.ordi.com\/index.php\/produit\/iphone-15-pro-max\/","title":{"rendered":"iPhone 15 pro Max"},"content":{"rendered":"<dl class=\"sc-657cef84-0 gXjDqa\">\n<dt>\n<div class=\"sc-657cef84-1 cHFbNd\">\n<p class=\"sc-94eb08bc-0 jeyKdz\"><strong>Taille de l&rsquo;\u00e9cran (cm\/pouce)17.02 cm \/ 6.7 pouces<\/strong><\/p>\n<\/div>\n<\/dt>\n<dt>\n<div class=\"sc-657cef84-1 cHFbNd\">\n<p class=\"sc-94eb08bc-0 jeyKdz\"><strong>Capacit\u00e9 de la m\u00e9moire 512 GB<\/strong><\/p>\n<\/div>\n<\/dt>\n<dt>\n<div class=\"sc-657cef84-1 cHFbNd\">\n<p class=\"sc-94eb08bc-0 jeyKdz\"><strong>Syst\u00e8me d&rsquo;exploitation iOS<\/strong><\/p>\n<\/div>\n<\/dt>\n<\/dl>\n","protected":false},"excerpt":{"rendered":"<p>Taille de l&rsquo;\u00e9cran (cm\/pouce)17.02 cm \/ 6.7 pouces Capacit\u00e9 de la m\u00e9moire 512 GB Syst\u00e8me d&rsquo;exploitation iOS<\/p>\n","protected":false},"featured_media":241,"template":"","meta":[],"product_brand":[35],"product_cat":[25],"product_tag":[],"class_list":{"0":"post-240","1":"product","2":"type-product","3":"status-publish","4":"has-post-thumbnail","6":"product_brand-apple","7":"product_cat-smartphones","9":"first","10":"instock","11":"sale","12":"taxable","13":"shipping-taxable","14":"purchasable","15":"product-type-simple"},"_links":{"self":[{"href":"https:\/\/www.ordi.com\/index.php\/wp-json\/wp\/v2\/product\/240","targetHints":{"allow":["GET"]}}],"collection":[{"href":"https:\/\/www.ordi.com\/index.php\/wp-json\/wp\/v2\/product"}],"about":[{"href":"https:\/\/www.ordi.com\/index.php\/wp-json\/wp\/v2\/types\/product"}],"wp:featuredmedia":[{"embeddable":true,"href":"https:\/\/www.ordi.com\/index.php\/wp-json\/wp\/v2\/media\/241"}],"wp:attachment":[{"href":"https:\/\/www.ordi.com\/index.php\/wp-json\/wp\/v2\/media?parent=240"}],"wp:term":[{"taxonomy":"product_brand","embeddable":true,"href":"https:\/\/www.ordi.com\/index.php\/wp-json\/wp\/v2\/product_brand?post=240"},{"taxonomy":"product_cat","embeddable":true,"href":"https:\/\/www.ordi.com\/index.php\/wp-json\/wp\/v2\/product_cat?post=240"},{"taxonomy":"product_tag","embeddable":true,"href":"https:\/\/www.ordi.com\/index.php\/wp-json\/wp\/v2\/product_tag?post=240"}],"curies":[{"name":"wp","href":"https:\/\/api.w.org\/{rel}","templated":true}]}}