{"id":355,"date":"2025-12-08T16:13:19","date_gmt":"2025-12-08T16:13:19","guid":{"rendered":"https:\/\/www.ordi.com\/?post_type=product&#038;p=355"},"modified":"2025-12-19T08:02:11","modified_gmt":"2025-12-19T08:02:11","slug":"iphone-17-pro-max-256gb-orange-cosmique","status":"publish","type":"product","link":"https:\/\/www.ordi.com\/index.php\/produit\/iphone-17-pro-max-256gb-orange-cosmique\/","title":{"rendered":"iPhone 17 Pro Max \u2013 256Gb \u2013 Orange Cosmique"},"content":{"rendered":"<p data-start=\"87\" data-end=\"301\"><strong data-start=\"87\" data-end=\"135\">iPhone 17 Pro Max \u2013 256\u202fGB \u2013 Orange Cosmique<\/strong><br data-start=\"135\" data-end=\"138\" \/>\u00c9l\u00e9gant, puissant et ultraperformant, l\u2019iPhone 17 Pro Max allie grand \u00e9cran immersif, stockage g\u00e9n\u00e9reux de 256\u202fGB et finition Orange Cosmique pour un style unique.<\/p>\n","protected":false},"excerpt":{"rendered":"<p>iPhone 17 Pro Max \u2013 256\u202fGB \u2013 Orange Cosmique\u00c9l\u00e9gant, puissant et ultraperformant, l\u2019iPhone 17 Pro Max allie grand \u00e9cran immersif, stockage g\u00e9n\u00e9reux de 256\u202fGB et finition Orange Cosmique pour un style unique.<\/p>\n","protected":false},"featured_media":362,"template":"","meta":[],"product_brand":[35],"product_cat":[25],"product_tag":[],"class_list":{"0":"post-355","1":"product","2":"type-product","3":"status-publish","4":"has-post-thumbnail","6":"product_brand-apple","7":"product_cat-smartphones","9":"first","10":"instock","11":"taxable","12":"shipping-taxable","13":"purchasable","14":"product-type-simple"},"_links":{"self":[{"href":"https:\/\/www.ordi.com\/index.php\/wp-json\/wp\/v2\/product\/355","targetHints":{"allow":["GET"]}}],"collection":[{"href":"https:\/\/www.ordi.com\/index.php\/wp-json\/wp\/v2\/product"}],"about":[{"href":"https:\/\/www.ordi.com\/index.php\/wp-json\/wp\/v2\/types\/product"}],"wp:featuredmedia":[{"embeddable":true,"href":"https:\/\/www.ordi.com\/index.php\/wp-json\/wp\/v2\/media\/362"}],"wp:attachment":[{"href":"https:\/\/www.ordi.com\/index.php\/wp-json\/wp\/v2\/media?parent=355"}],"wp:term":[{"taxonomy":"product_brand","embeddable":true,"href":"https:\/\/www.ordi.com\/index.php\/wp-json\/wp\/v2\/product_brand?post=355"},{"taxonomy":"product_cat","embeddable":true,"href":"https:\/\/www.ordi.com\/index.php\/wp-json\/wp\/v2\/product_cat?post=355"},{"taxonomy":"product_tag","embeddable":true,"href":"https:\/\/www.ordi.com\/index.php\/wp-json\/wp\/v2\/product_tag?post=355"}],"curies":[{"name":"wp","href":"https:\/\/api.w.org\/{rel}","templated":true}]}}