{"id":582,"date":"2025-12-18T15:28:49","date_gmt":"2025-12-18T15:28:49","guid":{"rendered":"https:\/\/www.ordi.com\/?post_type=product&#038;p=582"},"modified":"2026-02-03T11:19:48","modified_gmt":"2026-02-03T11:19:48","slug":"processeur-amd-ryzen-5","status":"publish","type":"product","link":"https:\/\/www.ordi.com\/index.php\/produit\/processeur-amd-ryzen-5\/","title":{"rendered":"Processeur AMD Ryzen 5"},"content":{"rendered":"<p>Le processeur AMD Ryzen 5 offre un excellent \u00e9quilibre entre performances et efficacit\u00e9, id\u00e9al pour le gaming, la bureautique avanc\u00e9e et la cr\u00e9ation de contenu. Dot\u00e9 d\u2019une architecture multi-c\u0153urs performante, il assure une ex\u00e9cution fluide des applications et un tr\u00e8s bon multit\u00e2che. Compatible avec les plateformes AMD modernes, le Ryzen 5 est un choix polyvalent pour des configurations fiables et \u00e9volutives.<\/p>\n","protected":false},"excerpt":{"rendered":"<p>Le processeur AMD Ryzen 5 offre un excellent \u00e9quilibre entre performances et efficacit\u00e9, id\u00e9al pour le gaming, la bureautique avanc\u00e9e et la cr\u00e9ation de contenu. Dot\u00e9 d\u2019une architecture multi-c\u0153urs performante, il assure une ex\u00e9cution fluide des applications et un tr\u00e8s bon multit\u00e2che. Compatible avec les plateformes AMD modernes, le Ryzen 5 est un choix polyvalent [&hellip;]<\/p>\n","protected":false},"featured_media":670,"template":"","meta":[],"product_brand":[239],"product_cat":[224],"product_tag":[],"class_list":{"0":"post-582","1":"product","2":"type-product","3":"status-publish","4":"has-post-thumbnail","6":"product_brand-amd","7":"product_cat-composants","9":"first","10":"instock","11":"taxable","12":"shipping-taxable","13":"product-type-simple"},"_links":{"self":[{"href":"https:\/\/www.ordi.com\/index.php\/wp-json\/wp\/v2\/product\/582","targetHints":{"allow":["GET"]}}],"collection":[{"href":"https:\/\/www.ordi.com\/index.php\/wp-json\/wp\/v2\/product"}],"about":[{"href":"https:\/\/www.ordi.com\/index.php\/wp-json\/wp\/v2\/types\/product"}],"wp:featuredmedia":[{"embeddable":true,"href":"https:\/\/www.ordi.com\/index.php\/wp-json\/wp\/v2\/media\/670"}],"wp:attachment":[{"href":"https:\/\/www.ordi.com\/index.php\/wp-json\/wp\/v2\/media?parent=582"}],"wp:term":[{"taxonomy":"product_brand","embeddable":true,"href":"https:\/\/www.ordi.com\/index.php\/wp-json\/wp\/v2\/product_brand?post=582"},{"taxonomy":"product_cat","embeddable":true,"href":"https:\/\/www.ordi.com\/index.php\/wp-json\/wp\/v2\/product_cat?post=582"},{"taxonomy":"product_tag","embeddable":true,"href":"https:\/\/www.ordi.com\/index.php\/wp-json\/wp\/v2\/product_tag?post=582"}],"curies":[{"name":"wp","href":"https:\/\/api.w.org\/{rel}","templated":true}]}}