{"id":584,"date":"2025-12-18T15:47:32","date_gmt":"2025-12-18T15:47:32","guid":{"rendered":"https:\/\/www.ordi.com\/?post_type=product&#038;p=584"},"modified":"2026-04-20T15:03:46","modified_gmt":"2026-04-20T15:03:46","slug":"disque-dur-externe-wd-elements-20-to-usb-3-0","status":"publish","type":"product","link":"https:\/\/www.ordi.com\/index.php\/produit\/disque-dur-externe-wd-elements-20-to-usb-3-0\/","title":{"rendered":"Disque dur externe WD Elements 20 To USB 3.0"},"content":{"rendered":"<p>Le disque dur externe WD Elements 20 To USB 3.0 est une solution id\u00e9ale pour le stockage et la sauvegarde de grandes quantit\u00e9s de donn\u00e9es. Offrant une capacit\u00e9 \u00e9lev\u00e9e de 20 t\u00e9raoctets, il permet d\u2019archiver fichiers, photos, vid\u00e9os et projets en toute simplicit\u00e9. Son interface USB 3.0 assure des transferts rapides, tandis que son format externe garantit une utilisation simple et imm\u00e9diate sur PC.<\/p>\n","protected":false},"excerpt":{"rendered":"<p>Le disque dur externe WD Elements 20 To USB 3.0 est une solution id\u00e9ale pour le stockage et la sauvegarde de grandes quantit\u00e9s de donn\u00e9es. Offrant une capacit\u00e9 \u00e9lev\u00e9e de 20 t\u00e9raoctets, il permet d\u2019archiver fichiers, photos, vid\u00e9os et projets en toute simplicit\u00e9. Son interface USB 3.0 assure des transferts rapides, tandis que son format [&hellip;]<\/p>\n","protected":false},"featured_media":681,"template":"","meta":[],"product_brand":[242],"product_cat":[31],"product_tag":[],"class_list":{"0":"post-584","1":"product","2":"type-product","3":"status-publish","4":"has-post-thumbnail","6":"product_brand-western-digital","7":"product_cat-stockage","9":"first","10":"instock","11":"taxable","12":"shipping-taxable","13":"product-type-simple"},"_links":{"self":[{"href":"https:\/\/www.ordi.com\/index.php\/wp-json\/wp\/v2\/product\/584","targetHints":{"allow":["GET"]}}],"collection":[{"href":"https:\/\/www.ordi.com\/index.php\/wp-json\/wp\/v2\/product"}],"about":[{"href":"https:\/\/www.ordi.com\/index.php\/wp-json\/wp\/v2\/types\/product"}],"wp:featuredmedia":[{"embeddable":true,"href":"https:\/\/www.ordi.com\/index.php\/wp-json\/wp\/v2\/media\/681"}],"wp:attachment":[{"href":"https:\/\/www.ordi.com\/index.php\/wp-json\/wp\/v2\/media?parent=584"}],"wp:term":[{"taxonomy":"product_brand","embeddable":true,"href":"https:\/\/www.ordi.com\/index.php\/wp-json\/wp\/v2\/product_brand?post=584"},{"taxonomy":"product_cat","embeddable":true,"href":"https:\/\/www.ordi.com\/index.php\/wp-json\/wp\/v2\/product_cat?post=584"},{"taxonomy":"product_tag","embeddable":true,"href":"https:\/\/www.ordi.com\/index.php\/wp-json\/wp\/v2\/product_tag?post=584"}],"curies":[{"name":"wp","href":"https:\/\/api.w.org\/{rel}","templated":true}]}}