{"id":588,"date":"2025-12-18T16:11:57","date_gmt":"2025-12-18T16:11:57","guid":{"rendered":"https:\/\/www.ordi.com\/?post_type=product&#038;p=588"},"modified":"2026-04-20T15:03:21","modified_gmt":"2026-04-20T15:03:21","slug":"ssd-samsung-evo-870-4-to-25-sata","status":"publish","type":"product","link":"https:\/\/www.ordi.com\/index.php\/produit\/ssd-samsung-evo-870-4-to-25-sata\/","title":{"rendered":"SSD Samsung EVO 870 4\u202fTo 2,5&Prime; SATA"},"content":{"rendered":"<p>Le SSD Samsung EVO 870 4\u202fTo 2,5&Prime; SATA offre une capacit\u00e9 massive et des performances fiables pour vos PC. Id\u00e9al pour acc\u00e9l\u00e9rer le d\u00e9marrage du syst\u00e8me, le lancement des applications et le transfert de fichiers, il combine vitesse, endurance et compatibilit\u00e9 avec les PC et laptops disposant d\u2019un emplacement 2,5&Prime; SATA.<\/p>\n","protected":false},"excerpt":{"rendered":"<p>Le SSD Samsung EVO 870 4\u202fTo 2,5&Prime; SATA offre une capacit\u00e9 massive et des performances fiables pour vos PC. Id\u00e9al pour acc\u00e9l\u00e9rer le d\u00e9marrage du syst\u00e8me, le lancement des applications et le transfert de fichiers, il combine vitesse, endurance et compatibilit\u00e9 avec les PC et laptops disposant d\u2019un emplacement 2,5&Prime; SATA.<\/p>\n","protected":false},"featured_media":672,"template":"","meta":[],"product_brand":[52],"product_cat":[224],"product_tag":[],"class_list":{"0":"post-588","1":"product","2":"type-product","3":"status-publish","4":"has-post-thumbnail","6":"product_brand-samsung","7":"product_cat-composants","9":"first","10":"instock","11":"taxable","12":"shipping-taxable","13":"product-type-simple"},"_links":{"self":[{"href":"https:\/\/www.ordi.com\/index.php\/wp-json\/wp\/v2\/product\/588","targetHints":{"allow":["GET"]}}],"collection":[{"href":"https:\/\/www.ordi.com\/index.php\/wp-json\/wp\/v2\/product"}],"about":[{"href":"https:\/\/www.ordi.com\/index.php\/wp-json\/wp\/v2\/types\/product"}],"wp:featuredmedia":[{"embeddable":true,"href":"https:\/\/www.ordi.com\/index.php\/wp-json\/wp\/v2\/media\/672"}],"wp:attachment":[{"href":"https:\/\/www.ordi.com\/index.php\/wp-json\/wp\/v2\/media?parent=588"}],"wp:term":[{"taxonomy":"product_brand","embeddable":true,"href":"https:\/\/www.ordi.com\/index.php\/wp-json\/wp\/v2\/product_brand?post=588"},{"taxonomy":"product_cat","embeddable":true,"href":"https:\/\/www.ordi.com\/index.php\/wp-json\/wp\/v2\/product_cat?post=588"},{"taxonomy":"product_tag","embeddable":true,"href":"https:\/\/www.ordi.com\/index.php\/wp-json\/wp\/v2\/product_tag?post=588"}],"curies":[{"name":"wp","href":"https:\/\/api.w.org\/{rel}","templated":true}]}}