{"id":590,"date":"2025-12-19T08:28:17","date_gmt":"2025-12-19T08:28:17","guid":{"rendered":"https:\/\/www.ordi.com\/?post_type=product&#038;p=590"},"modified":"2026-04-20T15:03:38","modified_gmt":"2026-04-20T15:03:38","slug":"casque-filaire-logitech-h340","status":"publish","type":"product","link":"https:\/\/www.ordi.com\/index.php\/produit\/casque-filaire-logitech-h340\/","title":{"rendered":"Casque filaire Logitech H340"},"content":{"rendered":"<p>Profitez d\u2019un son clair et d\u2019une communication nette avec le Casque filaire Logitech H340. Confortable et l\u00e9ger, il est id\u00e9al pour le travail \u00e0 distance, les appels et les conf\u00e9rences en ligne. Gr\u00e2ce \u00e0 son micro int\u00e9gr\u00e9 et sa connexion USB, il se branche facilement \u00e0 votre PC ou ordinateur portable.<\/p>\n","protected":false},"excerpt":{"rendered":"<p>Profitez d\u2019un son clair et d\u2019une communication nette avec le Casque filaire Logitech H340. Confortable et l\u00e9ger, il est id\u00e9al pour le travail \u00e0 distance, les appels et les conf\u00e9rences en ligne. Gr\u00e2ce \u00e0 son micro int\u00e9gr\u00e9 et sa connexion USB, il se branche facilement \u00e0 votre PC ou ordinateur portable.<\/p>\n","protected":false},"featured_media":675,"template":"","meta":[],"product_brand":[255],"product_cat":[27],"product_tag":[],"class_list":{"0":"post-590","1":"product","2":"type-product","3":"status-publish","4":"has-post-thumbnail","6":"product_brand-logitech","7":"product_cat-audio","9":"first","10":"instock","11":"taxable","12":"shipping-taxable","13":"product-type-simple"},"_links":{"self":[{"href":"https:\/\/www.ordi.com\/index.php\/wp-json\/wp\/v2\/product\/590","targetHints":{"allow":["GET"]}}],"collection":[{"href":"https:\/\/www.ordi.com\/index.php\/wp-json\/wp\/v2\/product"}],"about":[{"href":"https:\/\/www.ordi.com\/index.php\/wp-json\/wp\/v2\/types\/product"}],"wp:featuredmedia":[{"embeddable":true,"href":"https:\/\/www.ordi.com\/index.php\/wp-json\/wp\/v2\/media\/675"}],"wp:attachment":[{"href":"https:\/\/www.ordi.com\/index.php\/wp-json\/wp\/v2\/media?parent=590"}],"wp:term":[{"taxonomy":"product_brand","embeddable":true,"href":"https:\/\/www.ordi.com\/index.php\/wp-json\/wp\/v2\/product_brand?post=590"},{"taxonomy":"product_cat","embeddable":true,"href":"https:\/\/www.ordi.com\/index.php\/wp-json\/wp\/v2\/product_cat?post=590"},{"taxonomy":"product_tag","embeddable":true,"href":"https:\/\/www.ordi.com\/index.php\/wp-json\/wp\/v2\/product_tag?post=590"}],"curies":[{"name":"wp","href":"https:\/\/api.w.org\/{rel}","templated":true}]}}