{"id":592,"date":"2025-12-19T09:04:59","date_gmt":"2025-12-19T09:04:59","guid":{"rendered":"https:\/\/www.ordi.com\/?post_type=product&#038;p=592"},"modified":"2026-02-03T13:20:35","modified_gmt":"2026-02-03T13:20:35","slug":"iphone-16-pro-max-512-go-naturel-titanium","status":"publish","type":"product","link":"https:\/\/www.ordi.com\/index.php\/produit\/iphone-16-pro-max-512-go-naturel-titanium\/","title":{"rendered":"iPhone 16 Pro Max &#8211; 512 Go &#8211; Naturel Titanium"},"content":{"rendered":"<p>L\u2019iPhone 16 Pro Max \u2013 512\u202fGo \u2013 Naturel Titanium allie design \u00e9l\u00e9gant et performances puissantes. \u00c9quip\u00e9 d\u2019un \u00e9cran de 6,7&Prime;, d\u2019une connectivit\u00e9 USB-C et Wi\u2011Fi, et d\u2019une autonomie d\u2019environ 30\u202fheures, il est id\u00e9al pour le travail, la bureautique et les usages professionnels. Avec sa grande capacit\u00e9 de 512\u202fGo, il offre amplement d\u2019espace pour vos fichiers, applications et contenus.<\/p>\n","protected":false},"excerpt":{"rendered":"<p>L\u2019iPhone 16 Pro Max \u2013 512\u202fGo \u2013 Naturel Titanium allie design \u00e9l\u00e9gant et performances puissantes. \u00c9quip\u00e9 d\u2019un \u00e9cran de 6,7&Prime;, d\u2019une connectivit\u00e9 USB-C et Wi\u2011Fi, et d\u2019une autonomie d\u2019environ 30\u202fheures, il est id\u00e9al pour le travail, la bureautique et les usages professionnels. Avec sa grande capacit\u00e9 de 512\u202fGo, il offre amplement d\u2019espace pour vos fichiers, [&hellip;]<\/p>\n","protected":false},"featured_media":660,"template":"","meta":[],"product_brand":[35],"product_cat":[25],"product_tag":[],"class_list":{"0":"post-592","1":"product","2":"type-product","3":"status-publish","4":"has-post-thumbnail","6":"product_brand-apple","7":"product_cat-smartphones","9":"first","10":"instock","11":"sale","12":"taxable","13":"shipping-taxable","14":"purchasable","15":"product-type-simple"},"_links":{"self":[{"href":"https:\/\/www.ordi.com\/index.php\/wp-json\/wp\/v2\/product\/592","targetHints":{"allow":["GET"]}}],"collection":[{"href":"https:\/\/www.ordi.com\/index.php\/wp-json\/wp\/v2\/product"}],"about":[{"href":"https:\/\/www.ordi.com\/index.php\/wp-json\/wp\/v2\/types\/product"}],"wp:featuredmedia":[{"embeddable":true,"href":"https:\/\/www.ordi.com\/index.php\/wp-json\/wp\/v2\/media\/660"}],"wp:attachment":[{"href":"https:\/\/www.ordi.com\/index.php\/wp-json\/wp\/v2\/media?parent=592"}],"wp:term":[{"taxonomy":"product_brand","embeddable":true,"href":"https:\/\/www.ordi.com\/index.php\/wp-json\/wp\/v2\/product_brand?post=592"},{"taxonomy":"product_cat","embeddable":true,"href":"https:\/\/www.ordi.com\/index.php\/wp-json\/wp\/v2\/product_cat?post=592"},{"taxonomy":"product_tag","embeddable":true,"href":"https:\/\/www.ordi.com\/index.php\/wp-json\/wp\/v2\/product_tag?post=592"}],"curies":[{"name":"wp","href":"https:\/\/api.w.org\/{rel}","templated":true}]}}