{"id":706,"date":"2026-02-09T08:47:51","date_gmt":"2026-02-09T08:47:51","guid":{"rendered":"https:\/\/www.ordi.com\/?post_type=product&#038;p=706"},"modified":"2026-02-09T10:36:08","modified_gmt":"2026-02-09T10:36:08","slug":"imprimante-jet-dencre-canon-pixma-ts3750i","status":"publish","type":"product","link":"https:\/\/www.ordi.com\/index.php\/produit\/imprimante-jet-dencre-canon-pixma-ts3750i\/","title":{"rendered":"Imprimante Jet d&rsquo;encre Canon Pixma TS3750i"},"content":{"rendered":"<p><strong data-start=\"224\" data-end=\"286\">Canon Pixma TS3750i \u2013 Imprimante Jet d\u2019encre Multifonction<\/strong><\/p>\n<p>La Canon PIXMA TS3750i est une imprimante Jet d&rsquo;encre multifonction compacte et connect\u00e9e, id\u00e9ale pour une utilisation \u00e0 domicile ou pour les petits bureaux. Gr\u00e2ce \u00e0 ses fonctions d\u2019impression, de copie et de num\u00e9risation en couleur, elle offre une solution compl\u00e8te et simple pour g\u00e9rer tous vos documents au quotidien. Dot\u00e9e une connectivit\u00e9 USB mais aussi d\u2019une connexion Wi-Fi int\u00e9gr\u00e9e, elle permet d\u2019imprimer facilement depuis un ordinateur, un smartphone ou une tablette.<\/p>\n","protected":false},"excerpt":{"rendered":"<p>Canon Pixma TS3750i \u2013 Imprimante Jet d\u2019encre Multifonction La Canon PIXMA TS3750i est une imprimante Jet d&rsquo;encre multifonction compacte et connect\u00e9e, id\u00e9ale pour une utilisation \u00e0 domicile ou pour les petits bureaux. Gr\u00e2ce \u00e0 ses fonctions d\u2019impression, de copie et de num\u00e9risation en couleur, elle offre une solution compl\u00e8te et simple pour g\u00e9rer tous vos [&hellip;]<\/p>\n","protected":false},"featured_media":708,"template":"","meta":[],"product_brand":[61],"product_cat":[26],"product_tag":[],"class_list":{"0":"post-706","1":"product","2":"type-product","3":"status-publish","4":"has-post-thumbnail","6":"product_brand-canon","7":"product_cat-imprimantes","9":"first","10":"instock","11":"taxable","12":"shipping-taxable","13":"purchasable","14":"product-type-simple"},"_links":{"self":[{"href":"https:\/\/www.ordi.com\/index.php\/wp-json\/wp\/v2\/product\/706","targetHints":{"allow":["GET"]}}],"collection":[{"href":"https:\/\/www.ordi.com\/index.php\/wp-json\/wp\/v2\/product"}],"about":[{"href":"https:\/\/www.ordi.com\/index.php\/wp-json\/wp\/v2\/types\/product"}],"wp:featuredmedia":[{"embeddable":true,"href":"https:\/\/www.ordi.com\/index.php\/wp-json\/wp\/v2\/media\/708"}],"wp:attachment":[{"href":"https:\/\/www.ordi.com\/index.php\/wp-json\/wp\/v2\/media?parent=706"}],"wp:term":[{"taxonomy":"product_brand","embeddable":true,"href":"https:\/\/www.ordi.com\/index.php\/wp-json\/wp\/v2\/product_brand?post=706"},{"taxonomy":"product_cat","embeddable":true,"href":"https:\/\/www.ordi.com\/index.php\/wp-json\/wp\/v2\/product_cat?post=706"},{"taxonomy":"product_tag","embeddable":true,"href":"https:\/\/www.ordi.com\/index.php\/wp-json\/wp\/v2\/product_tag?post=706"}],"curies":[{"name":"wp","href":"https:\/\/api.w.org\/{rel}","templated":true}]}}