{"id":721,"date":"2026-02-09T10:34:26","date_gmt":"2026-02-09T10:34:26","guid":{"rendered":"https:\/\/www.ordi.com\/?post_type=product&#038;p=721"},"modified":"2026-02-09T10:34:27","modified_gmt":"2026-02-09T10:34:27","slug":"imprimante-jet-dencre-canon-pixma-ts7550i","status":"publish","type":"product","link":"https:\/\/www.ordi.com\/index.php\/produit\/imprimante-jet-dencre-canon-pixma-ts7550i\/","title":{"rendered":"Imprimante Jet d&rsquo;encre Canon Pixma TS7550i"},"content":{"rendered":"<p><strong data-start=\"224\" data-end=\"286\">Canon Pixma TS7550i \u2013 Imprimante Jet d\u2019encre Multifonction<br \/>\n<\/strong><br data-start=\"286\" data-end=\"289\" \/>Compacte et \u00e9l\u00e9gante, con\u00e7ue pour offrir des impressions de haute qualit\u00e9 \u00e0 domicile ou dans un environnement de bureau l\u00e9ger. la Pixma TS7550i\u00a0 combine impression, scan et copie en couleur. Une connectivit\u00e9 USB, Wi\u2011Fi et AirPrint, imprimez facilement depuis votre ordinateur, smartphone ou tablette via l\u2019application Canon PRINT. Une vitesse d&rsquo;impression de 9 ipm.<\/p>\n<p>&nbsp;<\/p>\n","protected":false},"excerpt":{"rendered":"<p>Canon Pixma TS7550i \u2013 Imprimante Jet d\u2019encre Multifonction Compacte et \u00e9l\u00e9gante, con\u00e7ue pour offrir des impressions de haute qualit\u00e9 \u00e0 domicile ou dans un environnement de bureau l\u00e9ger. la Pixma TS7550i\u00a0 combine impression, scan et copie en couleur. Une connectivit\u00e9 USB, Wi\u2011Fi et AirPrint, imprimez facilement depuis votre ordinateur, smartphone ou tablette via l\u2019application Canon [&hellip;]<\/p>\n","protected":false},"featured_media":722,"template":"","meta":[],"product_brand":[61],"product_cat":[26],"product_tag":[],"class_list":{"0":"post-721","1":"product","2":"type-product","3":"status-publish","4":"has-post-thumbnail","6":"product_brand-canon","7":"product_cat-imprimantes","9":"first","10":"instock","11":"taxable","12":"shipping-taxable","13":"purchasable","14":"product-type-simple"},"_links":{"self":[{"href":"https:\/\/www.ordi.com\/index.php\/wp-json\/wp\/v2\/product\/721","targetHints":{"allow":["GET"]}}],"collection":[{"href":"https:\/\/www.ordi.com\/index.php\/wp-json\/wp\/v2\/product"}],"about":[{"href":"https:\/\/www.ordi.com\/index.php\/wp-json\/wp\/v2\/types\/product"}],"wp:featuredmedia":[{"embeddable":true,"href":"https:\/\/www.ordi.com\/index.php\/wp-json\/wp\/v2\/media\/722"}],"wp:attachment":[{"href":"https:\/\/www.ordi.com\/index.php\/wp-json\/wp\/v2\/media?parent=721"}],"wp:term":[{"taxonomy":"product_brand","embeddable":true,"href":"https:\/\/www.ordi.com\/index.php\/wp-json\/wp\/v2\/product_brand?post=721"},{"taxonomy":"product_cat","embeddable":true,"href":"https:\/\/www.ordi.com\/index.php\/wp-json\/wp\/v2\/product_cat?post=721"},{"taxonomy":"product_tag","embeddable":true,"href":"https:\/\/www.ordi.com\/index.php\/wp-json\/wp\/v2\/product_tag?post=721"}],"curies":[{"name":"wp","href":"https:\/\/api.w.org\/{rel}","templated":true}]}}