{"id":727,"date":"2026-02-09T11:28:26","date_gmt":"2026-02-09T11:28:26","guid":{"rendered":"https:\/\/www.ordi.com\/?post_type=product&#038;p=727"},"modified":"2026-02-09T11:28:26","modified_gmt":"2026-02-09T11:28:26","slug":"imprimante-jet-dencre-brother-aio-inkjet-dcp-j1310dwre","status":"publish","type":"product","link":"https:\/\/www.ordi.com\/index.php\/produit\/imprimante-jet-dencre-brother-aio-inkjet-dcp-j1310dwre\/","title":{"rendered":"Imprimante Jet d&rsquo;encre Brother aio inkjet DCP-J1310DWRE"},"content":{"rendered":"<p><strong>Brother aio inkjet DCP-J1310DWRE &#8211; Imprimante Jet d&rsquo;encre multifonction<\/strong><\/p>\n<p>compacte et performante, elle combine impression, scan et copie en couleur. une connectivit\u00e9 USB et Wi\u2011Fi, vous pouvez imprimer sans fil depuis votre ordinateur, smartphone ou tablette, ce qui facilite le partage entre plusieurs utilisateurs. Son \u00e9cran couleur intuitif permet une navigation simple et rapide, tandis que l\u2019impression recto-verso automatique contribue \u00e0 \u00e9conomiser du papier et \u00e0 am\u00e9liorer votre productivit\u00e9. R\u00e9solution d&rsquo;impression jusqu&rsquo;\u00e0 1600&#215;600 dpi &#8211; vitesse d&rsquo;impression jusqu&rsquo;\u00e0 16 ipm (noir) et 9 ipm (couleur).<\/p>\n","protected":false},"excerpt":{"rendered":"<p>Brother aio inkjet DCP-J1310DWRE &#8211; Imprimante Jet d&rsquo;encre multifonction compacte et performante, elle combine impression, scan et copie en couleur. une connectivit\u00e9 USB et Wi\u2011Fi, vous pouvez imprimer sans fil depuis votre ordinateur, smartphone ou tablette, ce qui facilite le partage entre plusieurs utilisateurs. Son \u00e9cran couleur intuitif permet une navigation simple et rapide, tandis [&hellip;]<\/p>\n","protected":false},"featured_media":728,"template":"","meta":[],"product_brand":[284],"product_cat":[26],"product_tag":[],"class_list":{"0":"post-727","1":"product","2":"type-product","3":"status-publish","4":"has-post-thumbnail","6":"product_brand-brother","7":"product_cat-imprimantes","9":"first","10":"instock","11":"taxable","12":"shipping-taxable","13":"purchasable","14":"product-type-simple"},"_links":{"self":[{"href":"https:\/\/www.ordi.com\/index.php\/wp-json\/wp\/v2\/product\/727","targetHints":{"allow":["GET"]}}],"collection":[{"href":"https:\/\/www.ordi.com\/index.php\/wp-json\/wp\/v2\/product"}],"about":[{"href":"https:\/\/www.ordi.com\/index.php\/wp-json\/wp\/v2\/types\/product"}],"wp:featuredmedia":[{"embeddable":true,"href":"https:\/\/www.ordi.com\/index.php\/wp-json\/wp\/v2\/media\/728"}],"wp:attachment":[{"href":"https:\/\/www.ordi.com\/index.php\/wp-json\/wp\/v2\/media?parent=727"}],"wp:term":[{"taxonomy":"product_brand","embeddable":true,"href":"https:\/\/www.ordi.com\/index.php\/wp-json\/wp\/v2\/product_brand?post=727"},{"taxonomy":"product_cat","embeddable":true,"href":"https:\/\/www.ordi.com\/index.php\/wp-json\/wp\/v2\/product_cat?post=727"},{"taxonomy":"product_tag","embeddable":true,"href":"https:\/\/www.ordi.com\/index.php\/wp-json\/wp\/v2\/product_tag?post=727"}],"curies":[{"name":"wp","href":"https:\/\/api.w.org\/{rel}","templated":true}]}}