{"id":739,"date":"2026-02-09T13:35:06","date_gmt":"2026-02-09T13:35:06","guid":{"rendered":"https:\/\/www.ordi.com\/?post_type=product&#038;p=739"},"modified":"2026-02-10T09:48:09","modified_gmt":"2026-02-10T09:48:09","slug":"imprimante-jet-dencre-brother-aio-inkjet-mfc-j4350dw","status":"publish","type":"product","link":"https:\/\/www.ordi.com\/index.php\/produit\/imprimante-jet-dencre-brother-aio-inkjet-mfc-j4350dw\/","title":{"rendered":"Imprimante Jet d&rsquo;encre Brother aio inkjet MFC-J4350DW"},"content":{"rendered":"<p><strong>Brother aio inkjet MFC-J4350DW \u2013 Imprimante Jet d\u2019encre multifonction<\/strong><\/p>\n<p>La Brother MFC-J4350DW est une imprimante multifonction jet d\u2019encre compl\u00e8te et performante, con\u00e7ue pour r\u00e9pondre aux besoins des particuliers et des petits bureaux. Elle regroupe les fonctions d\u2019impression, de copie, de num\u00e9risation et de fax en couleur dans un appareil compact. une connectivit\u00e9 USB, Wi\u2011Fi et AirPrint, elle est id\u00e9ale pour un usage avec n&rsquo;importe quel appareils. l\u2019impression recto-verso automatique contribue \u00e0 r\u00e9duire la consommation de papier et \u00e0 am\u00e9liorer la productivit\u00e9. \u00c9quip\u00e9e d\u2019un chargeur automatique de documents (ADF) et d\u2019un syst\u00e8me de cartouches s\u00e9par\u00e9es, la Brother MFC-J4350DW offre des impressions rapides (jusqu&rsquo;\u00e0 20 ipm), des couleurs de qualit\u00e9 et une gestion optimis\u00e9e de l\u2019encre.<\/p>\n","protected":false},"excerpt":{"rendered":"<p>Brother aio inkjet MFC-J4350DW \u2013 Imprimante Jet d\u2019encre multifonction La Brother MFC-J4350DW est une imprimante multifonction jet d\u2019encre compl\u00e8te et performante, con\u00e7ue pour r\u00e9pondre aux besoins des particuliers et des petits bureaux. Elle regroupe les fonctions d\u2019impression, de copie, de num\u00e9risation et de fax en couleur dans un appareil compact. une connectivit\u00e9 USB, Wi\u2011Fi et [&hellip;]<\/p>\n","protected":false},"featured_media":740,"template":"","meta":[],"product_brand":[284],"product_cat":[26],"product_tag":[],"class_list":{"0":"post-739","1":"product","2":"type-product","3":"status-publish","4":"has-post-thumbnail","6":"product_brand-brother","7":"product_cat-imprimantes","9":"first","10":"instock","11":"taxable","12":"shipping-taxable","13":"purchasable","14":"product-type-simple"},"_links":{"self":[{"href":"https:\/\/www.ordi.com\/index.php\/wp-json\/wp\/v2\/product\/739","targetHints":{"allow":["GET"]}}],"collection":[{"href":"https:\/\/www.ordi.com\/index.php\/wp-json\/wp\/v2\/product"}],"about":[{"href":"https:\/\/www.ordi.com\/index.php\/wp-json\/wp\/v2\/types\/product"}],"wp:featuredmedia":[{"embeddable":true,"href":"https:\/\/www.ordi.com\/index.php\/wp-json\/wp\/v2\/media\/740"}],"wp:attachment":[{"href":"https:\/\/www.ordi.com\/index.php\/wp-json\/wp\/v2\/media?parent=739"}],"wp:term":[{"taxonomy":"product_brand","embeddable":true,"href":"https:\/\/www.ordi.com\/index.php\/wp-json\/wp\/v2\/product_brand?post=739"},{"taxonomy":"product_cat","embeddable":true,"href":"https:\/\/www.ordi.com\/index.php\/wp-json\/wp\/v2\/product_cat?post=739"},{"taxonomy":"product_tag","embeddable":true,"href":"https:\/\/www.ordi.com\/index.php\/wp-json\/wp\/v2\/product_tag?post=739"}],"curies":[{"name":"wp","href":"https:\/\/api.w.org\/{rel}","templated":true}]}}