{"id":752,"date":"2026-02-09T14:29:52","date_gmt":"2026-02-09T14:29:52","guid":{"rendered":"https:\/\/www.ordi.com\/?post_type=product&#038;p=752"},"modified":"2026-04-21T07:21:52","modified_gmt":"2026-04-21T07:21:52","slug":"imprimante-jet-dencre-hp-officejet-pro-9122e","status":"publish","type":"product","link":"https:\/\/www.ordi.com\/index.php\/produit\/imprimante-jet-dencre-hp-officejet-pro-9122e\/","title":{"rendered":"Imprimante Jet d&rsquo;encre HP Officejet Pro 9122e"},"content":{"rendered":"<p><strong data-start=\"224\" data-end=\"286\">HP Officejet Pro 9122e \u2013 Imprimante Jet d\u2019encre Multifonction<\/strong><\/p>\n<p>La HP OfficeJet Pro 9122e est une imprimante multifonction professionnelle con\u00e7ue pour offrir des performances rapides et une gestion efficace des documents, elle combine impression, copie, num\u00e9risation et fax en couleur. Gr\u00e2ce \u00e0 sa connectivit\u00e9 avanc\u00e9e (Wi-Fi double bande, Ethernet et USB), imprimez facilement depuis votre ordinateur, smartphone ou tablette via l\u2019application HP Smart, AirPrint. Son \u00e9cran tactile intuitif simplifie la navigation et permet une utilisation rapide. Vitesse d\u2019impression jusqu\u2019\u00e0 19 ipm et r\u00e9solution d\u2019impression jusqu\u2019\u00e0 4800 x 1200 dpi. L\u2019impression recto-verso automatique contribue \u00e0 r\u00e9duire la consommation de papier. \u00c9quip\u00e9e d\u2019un chargeur automatique de documents (ADF).<\/p>\n","protected":false},"excerpt":{"rendered":"<p>HP Officejet Pro 9122e \u2013 Imprimante Jet d\u2019encre Multifonction La HP OfficeJet Pro 9122e est une imprimante multifonction professionnelle con\u00e7ue pour offrir des performances rapides et une gestion efficace des documents, elle combine impression, copie, num\u00e9risation et fax en couleur. Gr\u00e2ce \u00e0 sa connectivit\u00e9 avanc\u00e9e (Wi-Fi double bande, Ethernet et USB), imprimez facilement depuis votre [&hellip;]<\/p>\n","protected":false},"featured_media":753,"template":"","meta":[],"product_brand":[53],"product_cat":[26],"product_tag":[],"class_list":{"0":"post-752","1":"product","2":"type-product","3":"status-publish","4":"has-post-thumbnail","6":"product_brand-hp","7":"product_cat-imprimantes","9":"first","10":"instock","11":"taxable","12":"shipping-taxable","13":"purchasable","14":"product-type-simple"},"_links":{"self":[{"href":"https:\/\/www.ordi.com\/index.php\/wp-json\/wp\/v2\/product\/752","targetHints":{"allow":["GET"]}}],"collection":[{"href":"https:\/\/www.ordi.com\/index.php\/wp-json\/wp\/v2\/product"}],"about":[{"href":"https:\/\/www.ordi.com\/index.php\/wp-json\/wp\/v2\/types\/product"}],"wp:featuredmedia":[{"embeddable":true,"href":"https:\/\/www.ordi.com\/index.php\/wp-json\/wp\/v2\/media\/753"}],"wp:attachment":[{"href":"https:\/\/www.ordi.com\/index.php\/wp-json\/wp\/v2\/media?parent=752"}],"wp:term":[{"taxonomy":"product_brand","embeddable":true,"href":"https:\/\/www.ordi.com\/index.php\/wp-json\/wp\/v2\/product_brand?post=752"},{"taxonomy":"product_cat","embeddable":true,"href":"https:\/\/www.ordi.com\/index.php\/wp-json\/wp\/v2\/product_cat?post=752"},{"taxonomy":"product_tag","embeddable":true,"href":"https:\/\/www.ordi.com\/index.php\/wp-json\/wp\/v2\/product_tag?post=752"}],"curies":[{"name":"wp","href":"https:\/\/api.w.org\/{rel}","templated":true}]}}