{"id":780,"date":"2026-02-11T11:01:19","date_gmt":"2026-02-11T11:01:19","guid":{"rendered":"https:\/\/www.ordi.com\/?post_type=product&#038;p=780"},"modified":"2026-02-11T11:02:32","modified_gmt":"2026-02-11T11:02:32","slug":"advanced-mk540-logitech","status":"publish","type":"product","link":"https:\/\/www.ordi.com\/index.php\/produit\/advanced-mk540-logitech\/","title":{"rendered":"Advanced MK540 Logitech"},"content":{"rendered":"<p>Ensemble clavier et souris sans fil con\u00e7u pour offrir confort, pr\u00e9cision et fiabilit\u00e9 au quotidien. Avec sa frappe famili\u00e8re et silencieuse ainsi que sa souris ergonomique, ce combo est id\u00e9al pour le travail de bureau et les \u00e9tudes.<\/p>\n<p>Caract\u00e9ristiques :<\/p>\n<ul>\n<li>Clavier azerty<\/li>\n<li>Technologie Logitech Unifying<\/li>\n<li>Repose-poignets int\u00e9gr\u00e9<\/li>\n<li>Inclinaison r\u00e9glable (3 positions)<\/li>\n<li>Conception r\u00e9sistante aux \u00e9claboussures<\/li>\n<li>Souris ergonomique ambidextre<\/li>\n<li>Alimentation par piles (incluses)<\/li>\n<li>Sans fil avec r\u00e9cepteur USB<\/li>\n<\/ul>\n","protected":false},"excerpt":{"rendered":"<p>Ensemble clavier et souris sans fil con\u00e7u pour offrir confort, pr\u00e9cision et fiabilit\u00e9 au quotidien. Avec sa frappe famili\u00e8re et silencieuse ainsi que sa souris ergonomique, ce combo est id\u00e9al pour le travail de bureau et les \u00e9tudes. Caract\u00e9ristiques : Clavier azerty Technologie Logitech Unifying Repose-poignets int\u00e9gr\u00e9 Inclinaison r\u00e9glable (3 positions) Conception r\u00e9sistante aux \u00e9claboussures [&hellip;]<\/p>\n","protected":false},"featured_media":782,"template":"","meta":[],"product_brand":[255],"product_cat":[30,258,29],"product_tag":[],"class_list":{"0":"post-780","1":"product","2":"type-product","3":"status-publish","4":"has-post-thumbnail","6":"product_brand-logitech","7":"product_cat-claviers","8":"product_cat-peripheriques","9":"product_cat-souris","11":"first","12":"instock","13":"taxable","14":"shipping-taxable","15":"purchasable","16":"product-type-simple"},"_links":{"self":[{"href":"https:\/\/www.ordi.com\/index.php\/wp-json\/wp\/v2\/product\/780","targetHints":{"allow":["GET"]}}],"collection":[{"href":"https:\/\/www.ordi.com\/index.php\/wp-json\/wp\/v2\/product"}],"about":[{"href":"https:\/\/www.ordi.com\/index.php\/wp-json\/wp\/v2\/types\/product"}],"wp:featuredmedia":[{"embeddable":true,"href":"https:\/\/www.ordi.com\/index.php\/wp-json\/wp\/v2\/media\/782"}],"wp:attachment":[{"href":"https:\/\/www.ordi.com\/index.php\/wp-json\/wp\/v2\/media?parent=780"}],"wp:term":[{"taxonomy":"product_brand","embeddable":true,"href":"https:\/\/www.ordi.com\/index.php\/wp-json\/wp\/v2\/product_brand?post=780"},{"taxonomy":"product_cat","embeddable":true,"href":"https:\/\/www.ordi.com\/index.php\/wp-json\/wp\/v2\/product_cat?post=780"},{"taxonomy":"product_tag","embeddable":true,"href":"https:\/\/www.ordi.com\/index.php\/wp-json\/wp\/v2\/product_tag?post=780"}],"curies":[{"name":"wp","href":"https:\/\/api.w.org\/{rel}","templated":true}]}}