{"id":784,"date":"2026-02-11T11:25:38","date_gmt":"2026-02-11T11:25:38","guid":{"rendered":"https:\/\/www.ordi.com\/?post_type=product&#038;p=784"},"modified":"2026-02-11T11:25:38","modified_gmt":"2026-02-11T11:25:38","slug":"performance-mk850-logitech","status":"publish","type":"product","link":"https:\/\/www.ordi.com\/index.php\/produit\/performance-mk850-logitech\/","title":{"rendered":"Performance MK850 Logitech"},"content":{"rendered":"<p>Ensemble clavier et souris, b\u00e9n\u00e9ficiez d\u2019un confort et d\u2019une productivit\u00e9 de niveau sup\u00e9rieur gr\u00e2ce aux performances in\u00e9gal\u00e9es de l\u2019ensemble MK850. le clavier pleine taille offre une exp\u00e9rience de frappe fluide et discr\u00e8te gr\u00e2ce \u00e0 des touches con\u00e7ues pour am\u00e9liorer le confort et la pr\u00e9cision au quotidien. Son repose poignets int\u00e9gr\u00e9 apporte un soutien suppl\u00e9mentaire pour r\u00e9duire la fatigue lors des longues sessions de travail ou d\u2019\u00e9tude. La structure du clavier, avec ses touches l\u00e9g\u00e8rement profil\u00e9es, favorise une position naturelle des mains pour une utilisation plus agr\u00e9able. Les pieds ajustables permettent de modifier l\u2019inclinaison selon vos pr\u00e9f\u00e9rences afin d\u2019obtenir une posture de frappe optimale. La souris ergonomique incluse est pens\u00e9e pour s\u2019adapter naturellement \u00e0 la forme de la main, offrant une prise en main confortable et un contr\u00f4le pr\u00e9cis pour une utilisation prolong\u00e9e.<\/p>\n<p>Caract\u00e9ristiques :<\/p>\n<ul>\n<li>clavier azerty<\/li>\n<li>Structure du clavier incurv\u00e9e ergonomique<\/li>\n<li>Repose poignets rembourr\u00e9 int\u00e9gr\u00e9<\/li>\n<li>Connexion Bluetooth + r\u00e9cepteur USB Logitech Unifying<\/li>\n<li>Frappe silencieuse et confortable<\/li>\n<li>Pav\u00e9 num\u00e9rique complet<\/li>\n<li>Inclinaison r\u00e9glable<\/li>\n<li>Alimentation par piles (incluses)<\/li>\n<li>Souris design ergonomique profil\u00e9<\/li>\n<li>Molette de d\u00e9filement rapide<\/li>\n<li>Technologie Easy-Switch (jusqu\u2019\u00e0 3 appareils)<\/li>\n<li>7 boutons sur la souris<\/li>\n<\/ul>\n","protected":false},"excerpt":{"rendered":"<p>Ensemble clavier et souris, b\u00e9n\u00e9ficiez d\u2019un confort et d\u2019une productivit\u00e9 de niveau sup\u00e9rieur gr\u00e2ce aux performances in\u00e9gal\u00e9es de l\u2019ensemble MK850. le clavier pleine taille offre une exp\u00e9rience de frappe fluide et discr\u00e8te gr\u00e2ce \u00e0 des touches con\u00e7ues pour am\u00e9liorer le confort et la pr\u00e9cision au quotidien. Son repose poignets int\u00e9gr\u00e9 apporte un soutien suppl\u00e9mentaire pour [&hellip;]<\/p>\n","protected":false},"featured_media":785,"template":"","meta":[],"product_brand":[255],"product_cat":[30,258,29],"product_tag":[],"class_list":{"0":"post-784","1":"product","2":"type-product","3":"status-publish","4":"has-post-thumbnail","6":"product_brand-logitech","7":"product_cat-claviers","8":"product_cat-peripheriques","9":"product_cat-souris","11":"first","12":"instock","13":"taxable","14":"shipping-taxable","15":"purchasable","16":"product-type-simple"},"_links":{"self":[{"href":"https:\/\/www.ordi.com\/index.php\/wp-json\/wp\/v2\/product\/784","targetHints":{"allow":["GET"]}}],"collection":[{"href":"https:\/\/www.ordi.com\/index.php\/wp-json\/wp\/v2\/product"}],"about":[{"href":"https:\/\/www.ordi.com\/index.php\/wp-json\/wp\/v2\/types\/product"}],"wp:featuredmedia":[{"embeddable":true,"href":"https:\/\/www.ordi.com\/index.php\/wp-json\/wp\/v2\/media\/785"}],"wp:attachment":[{"href":"https:\/\/www.ordi.com\/index.php\/wp-json\/wp\/v2\/media?parent=784"}],"wp:term":[{"taxonomy":"product_brand","embeddable":true,"href":"https:\/\/www.ordi.com\/index.php\/wp-json\/wp\/v2\/product_brand?post=784"},{"taxonomy":"product_cat","embeddable":true,"href":"https:\/\/www.ordi.com\/index.php\/wp-json\/wp\/v2\/product_cat?post=784"},{"taxonomy":"product_tag","embeddable":true,"href":"https:\/\/www.ordi.com\/index.php\/wp-json\/wp\/v2\/product_tag?post=784"}],"curies":[{"name":"wp","href":"https:\/\/api.w.org\/{rel}","templated":true}]}}