{"id":793,"date":"2026-02-11T13:48:40","date_gmt":"2026-02-11T13:48:40","guid":{"rendered":"https:\/\/www.ordi.com\/?post_type=product&#038;p=793"},"modified":"2026-02-11T13:48:40","modified_gmt":"2026-02-11T13:48:40","slug":"iiyama-prolite-xub3297qsnp-b1-32-pouces-ultra-hd-4k-ips","status":"publish","type":"product","link":"https:\/\/www.ordi.com\/index.php\/produit\/iiyama-prolite-xub3297qsnp-b1-32-pouces-ultra-hd-4k-ips\/","title":{"rendered":"iiyama ProLite XUB3297QSNP-B1 &#8211; 32 Pouces &#8211; Ultra HD 4K &#8211; IPS"},"content":{"rendered":"<p>Caract\u00e9ristiques :<\/p>\n<ul>\n<li>Taille de l\u2019\u00e9cran: 81,28 cm (32\u2033)<\/li>\n<li>R\u00e9solution de l\u2019\u00e9cran: 2560 x 1440<\/li>\n<li>Taux de rafra\u00eechissement de 100Hz<\/li>\n<li>Temps de r\u00e9ponse: 1 ms<\/li>\n<li>Format d&rsquo;image: 16:9<\/li>\n<li>Haut-parleurs int\u00e9gr\u00e9s<\/li>\n<li>Montage VESA<\/li>\n<li>Type HD: Ultra HD 4K<\/li>\n<li>Connexions: USB, USB 3.2, HDMI, DisplayPort et Headphone-out<\/li>\n<li>Technologie d\u2019affichage: LED<\/li>\n<\/ul>\n","protected":false},"excerpt":{"rendered":"<p>Caract\u00e9ristiques : Taille de l\u2019\u00e9cran: 81,28 cm (32\u2033) R\u00e9solution de l\u2019\u00e9cran: 2560 x 1440 Taux de rafra\u00eechissement de 100Hz Temps de r\u00e9ponse: 1 ms Format d&rsquo;image: 16:9 Haut-parleurs int\u00e9gr\u00e9s Montage VESA Type HD: Ultra HD 4K Connexions: USB, USB 3.2, HDMI, DisplayPort et Headphone-out Technologie d\u2019affichage: LED<\/p>\n","protected":false},"featured_media":794,"template":"","meta":[],"product_brand":[56],"product_cat":[33,258],"product_tag":[],"class_list":{"0":"post-793","1":"product","2":"type-product","3":"status-publish","4":"has-post-thumbnail","6":"product_brand-iiyama","7":"product_cat-ecrans","8":"product_cat-peripheriques","10":"first","11":"instock","12":"taxable","13":"shipping-taxable","14":"purchasable","15":"product-type-simple"},"_links":{"self":[{"href":"https:\/\/www.ordi.com\/index.php\/wp-json\/wp\/v2\/product\/793","targetHints":{"allow":["GET"]}}],"collection":[{"href":"https:\/\/www.ordi.com\/index.php\/wp-json\/wp\/v2\/product"}],"about":[{"href":"https:\/\/www.ordi.com\/index.php\/wp-json\/wp\/v2\/types\/product"}],"wp:featuredmedia":[{"embeddable":true,"href":"https:\/\/www.ordi.com\/index.php\/wp-json\/wp\/v2\/media\/794"}],"wp:attachment":[{"href":"https:\/\/www.ordi.com\/index.php\/wp-json\/wp\/v2\/media?parent=793"}],"wp:term":[{"taxonomy":"product_brand","embeddable":true,"href":"https:\/\/www.ordi.com\/index.php\/wp-json\/wp\/v2\/product_brand?post=793"},{"taxonomy":"product_cat","embeddable":true,"href":"https:\/\/www.ordi.com\/index.php\/wp-json\/wp\/v2\/product_cat?post=793"},{"taxonomy":"product_tag","embeddable":true,"href":"https:\/\/www.ordi.com\/index.php\/wp-json\/wp\/v2\/product_tag?post=793"}],"curies":[{"name":"wp","href":"https:\/\/api.w.org\/{rel}","templated":true}]}}