{"id":798,"date":"2026-02-12T10:16:29","date_gmt":"2026-02-12T10:16:29","guid":{"rendered":"https:\/\/www.ordi.com\/?post_type=product&#038;p=798"},"modified":"2026-02-13T08:18:10","modified_gmt":"2026-02-13T08:18:10","slug":"samsung-galaxy-a26-128-gb-5g","status":"publish","type":"product","link":"https:\/\/www.ordi.com\/index.php\/produit\/samsung-galaxy-a26-128-gb-5g\/","title":{"rendered":"Samsung Galaxy A26 &#8211; 128GB &#8211; 5G"},"content":{"rendered":"<p>Caract\u00e9ristiques :<\/p>\n<ul>\n<li>Produit : smartphone<\/li>\n<li>Syst\u00e8me d&rsquo;exploitation : android<\/li>\n<li>Processeur : exynos 1380 Octa-core<\/li>\n<li>Capacit\u00e9 de la m\u00e9moire : 128 GB<\/li>\n<li>RAM : 6 GB<\/li>\n<li>Lecteur de carte m\u00e9moire<\/li>\n<li>Format de la carte m\u00e9moire : microSD<\/li>\n<li>Format carte SIM : nanoSIM<\/li>\n<li>Capacit\u00e9 maximale de la carte m\u00e9moire : 1TB<\/li>\n<li>Taille de l&rsquo;\u00e9cran : 17,02cm (6,7&Prime;)<\/li>\n<li>R\u00e9solution : 2340&#215;1080<\/li>\n<li>Rapport d&rsquo;image 19.5:9<\/li>\n<li>Fr\u00e9quence de rafra\u00eechissement maximale (Hz) : 120Hz<\/li>\n<li>\u00c9cran tactile<\/li>\n<\/ul>\n","protected":false},"excerpt":{"rendered":"<p>Caract\u00e9ristiques : Produit : smartphone Syst\u00e8me d&rsquo;exploitation : android Processeur : exynos 1380 Octa-core Capacit\u00e9 de la m\u00e9moire : 128 GB RAM : 6 GB Lecteur de carte m\u00e9moire Format de la carte m\u00e9moire : microSD Format carte SIM : nanoSIM Capacit\u00e9 maximale de la carte m\u00e9moire : 1TB Taille de l&rsquo;\u00e9cran : 17,02cm (6,7&Prime;) [&hellip;]<\/p>\n","protected":false},"featured_media":799,"template":"","meta":[],"product_brand":[52],"product_cat":[25],"product_tag":[],"class_list":{"0":"post-798","1":"product","2":"type-product","3":"status-publish","4":"has-post-thumbnail","6":"product_brand-samsung","7":"product_cat-smartphones","9":"first","10":"instock","11":"taxable","12":"shipping-taxable","13":"purchasable","14":"product-type-simple"},"_links":{"self":[{"href":"https:\/\/www.ordi.com\/index.php\/wp-json\/wp\/v2\/product\/798","targetHints":{"allow":["GET"]}}],"collection":[{"href":"https:\/\/www.ordi.com\/index.php\/wp-json\/wp\/v2\/product"}],"about":[{"href":"https:\/\/www.ordi.com\/index.php\/wp-json\/wp\/v2\/types\/product"}],"wp:featuredmedia":[{"embeddable":true,"href":"https:\/\/www.ordi.com\/index.php\/wp-json\/wp\/v2\/media\/799"}],"wp:attachment":[{"href":"https:\/\/www.ordi.com\/index.php\/wp-json\/wp\/v2\/media?parent=798"}],"wp:term":[{"taxonomy":"product_brand","embeddable":true,"href":"https:\/\/www.ordi.com\/index.php\/wp-json\/wp\/v2\/product_brand?post=798"},{"taxonomy":"product_cat","embeddable":true,"href":"https:\/\/www.ordi.com\/index.php\/wp-json\/wp\/v2\/product_cat?post=798"},{"taxonomy":"product_tag","embeddable":true,"href":"https:\/\/www.ordi.com\/index.php\/wp-json\/wp\/v2\/product_tag?post=798"}],"curies":[{"name":"wp","href":"https:\/\/api.w.org\/{rel}","templated":true}]}}