{"id":802,"date":"2026-02-13T08:26:17","date_gmt":"2026-02-13T08:26:17","guid":{"rendered":"https:\/\/www.ordi.com\/?post_type=product&#038;p=802"},"modified":"2026-02-13T08:26:17","modified_gmt":"2026-02-13T08:26:17","slug":"samsung-galaxy-a17-128gb-5g","status":"publish","type":"product","link":"https:\/\/www.ordi.com\/index.php\/produit\/samsung-galaxy-a17-128gb-5g\/","title":{"rendered":"Samsung Galaxy A17 &#8211; 128GB &#8211; 5G"},"content":{"rendered":"<p>Caract\u00e9ristiques :<\/p>\n<ul>\n<li>Syst\u00e8me d\u2019exploitation : android<\/li>\n<li>Processeur : exynos 1330<\/li>\n<li>Capacit\u00e9 de la m\u00e9moire : 128 GB<\/li>\n<li>RAM : 4 GB<\/li>\n<li>Lecteur de carte m\u00e9moire<\/li>\n<li>Taille de l\u2019\u00e9cran : 17,02cm (6,7\u2033)<\/li>\n<li>R\u00e9solution : 2340\u00d7108<\/li>\n<li>Fr\u00e9quence de rafra\u00eechissement maximale (Hz) : 90Hz<\/li>\n<li>\u00c9cran tactile<\/li>\n<\/ul>\n","protected":false},"excerpt":{"rendered":"<p>Caract\u00e9ristiques : Syst\u00e8me d\u2019exploitation : android Processeur : exynos 1330 Capacit\u00e9 de la m\u00e9moire : 128 GB RAM : 4 GB Lecteur de carte m\u00e9moire Taille de l\u2019\u00e9cran : 17,02cm (6,7\u2033) R\u00e9solution : 2340\u00d7108 Fr\u00e9quence de rafra\u00eechissement maximale (Hz) : 90Hz \u00c9cran tactile<\/p>\n","protected":false},"featured_media":803,"template":"","meta":[],"product_brand":[52],"product_cat":[25],"product_tag":[],"class_list":{"0":"post-802","1":"product","2":"type-product","3":"status-publish","4":"has-post-thumbnail","6":"product_brand-samsung","7":"product_cat-smartphones","9":"first","10":"instock","11":"taxable","12":"shipping-taxable","13":"purchasable","14":"product-type-simple"},"_links":{"self":[{"href":"https:\/\/www.ordi.com\/index.php\/wp-json\/wp\/v2\/product\/802","targetHints":{"allow":["GET"]}}],"collection":[{"href":"https:\/\/www.ordi.com\/index.php\/wp-json\/wp\/v2\/product"}],"about":[{"href":"https:\/\/www.ordi.com\/index.php\/wp-json\/wp\/v2\/types\/product"}],"wp:featuredmedia":[{"embeddable":true,"href":"https:\/\/www.ordi.com\/index.php\/wp-json\/wp\/v2\/media\/803"}],"wp:attachment":[{"href":"https:\/\/www.ordi.com\/index.php\/wp-json\/wp\/v2\/media?parent=802"}],"wp:term":[{"taxonomy":"product_brand","embeddable":true,"href":"https:\/\/www.ordi.com\/index.php\/wp-json\/wp\/v2\/product_brand?post=802"},{"taxonomy":"product_cat","embeddable":true,"href":"https:\/\/www.ordi.com\/index.php\/wp-json\/wp\/v2\/product_cat?post=802"},{"taxonomy":"product_tag","embeddable":true,"href":"https:\/\/www.ordi.com\/index.php\/wp-json\/wp\/v2\/product_tag?post=802"}],"curies":[{"name":"wp","href":"https:\/\/api.w.org\/{rel}","templated":true}]}}