{"id":808,"date":"2026-02-13T14:32:10","date_gmt":"2026-02-13T14:32:10","guid":{"rendered":"https:\/\/www.ordi.com\/?post_type=product&#038;p=808"},"modified":"2026-02-13T14:32:36","modified_gmt":"2026-02-13T14:32:36","slug":"lg-34u650a-b-aeu-34-pouces-uwqhd-ips","status":"publish","type":"product","link":"https:\/\/www.ordi.com\/index.php\/produit\/lg-34u650a-b-aeu-34-pouces-uwqhd-ips\/","title":{"rendered":"LG 34U650A-B.AEU &#8211; 34 pouces &#8211; UWQHD &#8211; IPS"},"content":{"rendered":"<p>Caract\u00e9ristiques :<\/p>\n<ul>\n<li>Taille de l\u2019\u00e9cran: 86,3 cm (34\u2033)<\/li>\n<li>R\u00e9solution de l\u2019\u00e9cran: 3440 x 1440<\/li>\n<li>Technologie d\u2019affichage: LED<\/li>\n<li>Temps de r\u00e9ponse: 5 ms<\/li>\n<li>Format d\u2019image: 21:9<\/li>\n<li>Haut-parleurs int\u00e9gr\u00e9s<\/li>\n<li>Type HD: UWQHD<\/li>\n<li>Connexions: HDMI, DisplayPort, USB, USB-C et Headphone-out<\/li>\n<li>R\u00e9glage de la hauteur<\/li>\n<li>Taux de rafra\u00eechissement de 100Hz<\/li>\n<li>\u00c9cran incurv\u00e9<\/li>\n<\/ul>\n","protected":false},"excerpt":{"rendered":"<p>Caract\u00e9ristiques : Taille de l\u2019\u00e9cran: 86,3 cm (34\u2033) R\u00e9solution de l\u2019\u00e9cran: 3440 x 1440 Technologie d\u2019affichage: LED Temps de r\u00e9ponse: 5 ms Format d\u2019image: 21:9 Haut-parleurs int\u00e9gr\u00e9s Type HD: UWQHD Connexions: HDMI, DisplayPort, USB, USB-C et Headphone-out R\u00e9glage de la hauteur Taux de rafra\u00eechissement de 100Hz \u00c9cran incurv\u00e9<\/p>\n","protected":false},"featured_media":809,"template":"","meta":[],"product_brand":[57],"product_cat":[33,258],"product_tag":[],"class_list":{"0":"post-808","1":"product","2":"type-product","3":"status-publish","4":"has-post-thumbnail","6":"product_brand-lg","7":"product_cat-ecrans","8":"product_cat-peripheriques","10":"first","11":"instock","12":"taxable","13":"shipping-taxable","14":"purchasable","15":"product-type-simple"},"_links":{"self":[{"href":"https:\/\/www.ordi.com\/index.php\/wp-json\/wp\/v2\/product\/808","targetHints":{"allow":["GET"]}}],"collection":[{"href":"https:\/\/www.ordi.com\/index.php\/wp-json\/wp\/v2\/product"}],"about":[{"href":"https:\/\/www.ordi.com\/index.php\/wp-json\/wp\/v2\/types\/product"}],"wp:featuredmedia":[{"embeddable":true,"href":"https:\/\/www.ordi.com\/index.php\/wp-json\/wp\/v2\/media\/809"}],"wp:attachment":[{"href":"https:\/\/www.ordi.com\/index.php\/wp-json\/wp\/v2\/media?parent=808"}],"wp:term":[{"taxonomy":"product_brand","embeddable":true,"href":"https:\/\/www.ordi.com\/index.php\/wp-json\/wp\/v2\/product_brand?post=808"},{"taxonomy":"product_cat","embeddable":true,"href":"https:\/\/www.ordi.com\/index.php\/wp-json\/wp\/v2\/product_cat?post=808"},{"taxonomy":"product_tag","embeddable":true,"href":"https:\/\/www.ordi.com\/index.php\/wp-json\/wp\/v2\/product_tag?post=808"}],"curies":[{"name":"wp","href":"https:\/\/api.w.org\/{rel}","templated":true}]}}