{"id":810,"date":"2026-02-17T08:14:25","date_gmt":"2026-02-17T08:14:25","guid":{"rendered":"https:\/\/www.ordi.com\/?post_type=product&#038;p=810"},"modified":"2026-02-17T08:14:25","modified_gmt":"2026-02-17T08:14:25","slug":"ssd-externe-samsung-shield-t7-4-to","status":"publish","type":"product","link":"https:\/\/www.ordi.com\/index.php\/produit\/ssd-externe-samsung-shield-t7-4-to\/","title":{"rendered":"SSD externe Samsung Shield T7 4\u202fTo"},"content":{"rendered":"<p>Le SSD externe Samsung Shield T7 2\u202fTo offre une solution de stockage portable rapide et fiable, id\u00e9ale pour transf\u00e9rer vos fichiers, sauvegarder vos donn\u00e9es ou \u00e9tendre la capacit\u00e9 de vos appareils. Gr\u00e2ce \u00e0 son interface USB\u2011C (USB\u202f3.x), il permet des vitesses de lecture\/\u00e9criture \u00e9lev\u00e9es, une grande robustesse et une compatibilit\u00e9 \u00e9tendue avec PC, Mac et consoles.<\/p>\n","protected":false},"excerpt":{"rendered":"<p>Le SSD externe Samsung Shield T7 2\u202fTo offre une solution de stockage portable rapide et fiable, id\u00e9ale pour transf\u00e9rer vos fichiers, sauvegarder vos donn\u00e9es ou \u00e9tendre la capacit\u00e9 de vos appareils. Gr\u00e2ce \u00e0 son interface USB\u2011C (USB\u202f3.x), il permet des vitesses de lecture\/\u00e9criture \u00e9lev\u00e9es, une grande robustesse et une compatibilit\u00e9 \u00e9tendue avec PC, Mac et [&hellip;]<\/p>\n","protected":false},"featured_media":682,"template":"","meta":[],"product_brand":[52],"product_cat":[258,31],"product_tag":[],"class_list":{"0":"post-810","1":"product","2":"type-product","3":"status-publish","4":"has-post-thumbnail","6":"product_brand-samsung","7":"product_cat-peripheriques","8":"product_cat-stockage","10":"first","11":"instock","12":"taxable","13":"shipping-taxable","14":"purchasable","15":"product-type-simple"},"_links":{"self":[{"href":"https:\/\/www.ordi.com\/index.php\/wp-json\/wp\/v2\/product\/810","targetHints":{"allow":["GET"]}}],"collection":[{"href":"https:\/\/www.ordi.com\/index.php\/wp-json\/wp\/v2\/product"}],"about":[{"href":"https:\/\/www.ordi.com\/index.php\/wp-json\/wp\/v2\/types\/product"}],"wp:featuredmedia":[{"embeddable":true,"href":"https:\/\/www.ordi.com\/index.php\/wp-json\/wp\/v2\/media\/682"}],"wp:attachment":[{"href":"https:\/\/www.ordi.com\/index.php\/wp-json\/wp\/v2\/media?parent=810"}],"wp:term":[{"taxonomy":"product_brand","embeddable":true,"href":"https:\/\/www.ordi.com\/index.php\/wp-json\/wp\/v2\/product_brand?post=810"},{"taxonomy":"product_cat","embeddable":true,"href":"https:\/\/www.ordi.com\/index.php\/wp-json\/wp\/v2\/product_cat?post=810"},{"taxonomy":"product_tag","embeddable":true,"href":"https:\/\/www.ordi.com\/index.php\/wp-json\/wp\/v2\/product_tag?post=810"}],"curies":[{"name":"wp","href":"https:\/\/api.w.org\/{rel}","templated":true}]}}