{"id":811,"date":"2026-02-17T09:50:11","date_gmt":"2026-02-17T09:50:11","guid":{"rendered":"https:\/\/www.ordi.com\/?post_type=product&#038;p=811"},"modified":"2026-02-17T09:52:56","modified_gmt":"2026-02-17T09:52:56","slug":"samsung-essential-s32gd-32-pouces-fhd-100hz","status":"publish","type":"product","link":"https:\/\/www.ordi.com\/index.php\/produit\/samsung-essential-s32gd-32-pouces-fhd-100hz\/","title":{"rendered":"Samsung essential s32gd -32 Pouces &#8211; FHD &#8211; 100Hz"},"content":{"rendered":"<ul>\n<li>Taille de l\u2019\u00e9cran: 81,28 cm (32\u2033)<\/li>\n<li>R\u00e9solution de l\u2019\u00e9cran: 1920 x 1080<\/li>\n<li>Technologie d\u2019affichage: LCD<\/li>\n<li>Temps de r\u00e9ponse: 4 ms<\/li>\n<li>Format d\u2019image: 16:9<\/li>\n<li>Type HD: Full HD<\/li>\n<li>Connexions: HDMI, VGA et Headphone-out<\/li>\n<li>Taux de rafra\u00eechissement de 100Hz<\/li>\n<li>Montage VESA<\/li>\n<li>\u00c9cran incurv\u00e9<\/li>\n<\/ul>\n","protected":false},"excerpt":{"rendered":"<p>Taille de l\u2019\u00e9cran: 81,28 cm (32\u2033) R\u00e9solution de l\u2019\u00e9cran: 1920 x 1080 Technologie d\u2019affichage: LCD Temps de r\u00e9ponse: 4 ms Format d\u2019image: 16:9 Type HD: Full HD Connexions: HDMI, VGA et Headphone-out Taux de rafra\u00eechissement de 100Hz Montage VESA \u00c9cran incurv\u00e9<\/p>\n","protected":false},"featured_media":812,"template":"","meta":[],"product_brand":[52],"product_cat":[33,258],"product_tag":[],"class_list":{"0":"post-811","1":"product","2":"type-product","3":"status-publish","4":"has-post-thumbnail","6":"product_brand-samsung","7":"product_cat-ecrans","8":"product_cat-peripheriques","10":"first","11":"instock","12":"taxable","13":"shipping-taxable","14":"purchasable","15":"product-type-simple"},"_links":{"self":[{"href":"https:\/\/www.ordi.com\/index.php\/wp-json\/wp\/v2\/product\/811","targetHints":{"allow":["GET"]}}],"collection":[{"href":"https:\/\/www.ordi.com\/index.php\/wp-json\/wp\/v2\/product"}],"about":[{"href":"https:\/\/www.ordi.com\/index.php\/wp-json\/wp\/v2\/types\/product"}],"wp:featuredmedia":[{"embeddable":true,"href":"https:\/\/www.ordi.com\/index.php\/wp-json\/wp\/v2\/media\/812"}],"wp:attachment":[{"href":"https:\/\/www.ordi.com\/index.php\/wp-json\/wp\/v2\/media?parent=811"}],"wp:term":[{"taxonomy":"product_brand","embeddable":true,"href":"https:\/\/www.ordi.com\/index.php\/wp-json\/wp\/v2\/product_brand?post=811"},{"taxonomy":"product_cat","embeddable":true,"href":"https:\/\/www.ordi.com\/index.php\/wp-json\/wp\/v2\/product_cat?post=811"},{"taxonomy":"product_tag","embeddable":true,"href":"https:\/\/www.ordi.com\/index.php\/wp-json\/wp\/v2\/product_tag?post=811"}],"curies":[{"name":"wp","href":"https:\/\/api.w.org\/{rel}","templated":true}]}}