{"id":901,"date":"2026-03-18T11:19:25","date_gmt":"2026-03-18T11:19:25","guid":{"rendered":"https:\/\/www.ordi.com\/?post_type=product&#038;p=901"},"modified":"2026-03-18T11:20:48","modified_gmt":"2026-03-18T11:20:48","slug":"r400-laser-presentation-remote","status":"publish","type":"product","link":"https:\/\/www.ordi.com\/index.php\/produit\/r400-laser-presentation-remote\/","title":{"rendered":"R400 Laser Presentation Remote"},"content":{"rendered":"<p>T\u00e9l\u00e9commande de pr\u00e9sentation simple et fiable, id\u00e9ale pour vos r\u00e9unions, formations ou conf\u00e9rences. Gr\u00e2ce \u00e0 son pointeur laser rouge int\u00e9gr\u00e9, vous pouvez mettre en \u00e9vidence les points importants de vos diapositives avec pr\u00e9cision. Son design ergonomique assure une prise en main confortable, tandis que ses boutons intuitifs permettent de naviguer facilement entre les slides. Compact et sans installation compliqu\u00e9e, il fonctionne imm\u00e9diatement gr\u00e2ce \u00e0 sa connexion sans fil.<\/p>\n","protected":false},"excerpt":{"rendered":"<p>T\u00e9l\u00e9commande de pr\u00e9sentation simple et fiable, id\u00e9ale pour vos r\u00e9unions, formations ou conf\u00e9rences. Gr\u00e2ce \u00e0 son pointeur laser rouge int\u00e9gr\u00e9, vous pouvez mettre en \u00e9vidence les points importants de vos diapositives avec pr\u00e9cision. Son design ergonomique assure une prise en main confortable, tandis que ses boutons intuitifs permettent de naviguer facilement entre les slides. Compact [&hellip;]<\/p>\n","protected":false},"featured_media":903,"template":"","meta":[],"product_brand":[255],"product_cat":[280],"product_tag":[],"class_list":{"0":"post-901","1":"product","2":"type-product","3":"status-publish","4":"has-post-thumbnail","6":"product_brand-logitech","7":"product_cat-cable-et-accessoire","9":"first","10":"instock","11":"taxable","12":"shipping-taxable","13":"purchasable","14":"product-type-simple"},"_links":{"self":[{"href":"https:\/\/www.ordi.com\/index.php\/wp-json\/wp\/v2\/product\/901","targetHints":{"allow":["GET"]}}],"collection":[{"href":"https:\/\/www.ordi.com\/index.php\/wp-json\/wp\/v2\/product"}],"about":[{"href":"https:\/\/www.ordi.com\/index.php\/wp-json\/wp\/v2\/types\/product"}],"wp:featuredmedia":[{"embeddable":true,"href":"https:\/\/www.ordi.com\/index.php\/wp-json\/wp\/v2\/media\/903"}],"wp:attachment":[{"href":"https:\/\/www.ordi.com\/index.php\/wp-json\/wp\/v2\/media?parent=901"}],"wp:term":[{"taxonomy":"product_brand","embeddable":true,"href":"https:\/\/www.ordi.com\/index.php\/wp-json\/wp\/v2\/product_brand?post=901"},{"taxonomy":"product_cat","embeddable":true,"href":"https:\/\/www.ordi.com\/index.php\/wp-json\/wp\/v2\/product_cat?post=901"},{"taxonomy":"product_tag","embeddable":true,"href":"https:\/\/www.ordi.com\/index.php\/wp-json\/wp\/v2\/product_tag?post=901"}],"curies":[{"name":"wp","href":"https:\/\/api.w.org\/{rel}","templated":true}]}}